{"id":886,"date":"2025-08-18T23:53:05","date_gmt":"2025-08-19T02:53:05","guid":{"rendered":"http:\/\/runner.local\/?page_id=886"},"modified":"2025-12-11T13:39:10","modified_gmt":"2025-12-11T16:39:10","slug":"sobre-nos","status":"publish","type":"page","link":"https:\/\/runner-v1.attendy.com.br\/home\/sobre-nos\/","title":{"rendered":"Sobre N\u00f3s"},"content":{"rendered":"\t\t<div data-elementor-type=\"wp-page\" data-elementor-id=\"886\" class=\"elementor elementor-886\">\n\t\t\t\t<div class=\"elementor-element elementor-element-ac62f0e e-con-full e-flex wpr-particle-no wpr-jarallax-no wpr-parallax-no wpr-sticky-section-no e-con e-parent\" data-id=\"ac62f0e\" data-element_type=\"container\" data-settings=\"{&quot;background_background&quot;:&quot;gradient&quot;}\">\n\t\t<div class=\"elementor-element elementor-element-6b43b599 e-flex e-con-boxed wpr-particle-no wpr-jarallax-no wpr-parallax-no wpr-sticky-section-no e-con e-child\" data-id=\"6b43b599\" data-element_type=\"container\">\n\t\t\t\t\t<div class=\"e-con-inner\">\n\t\t\t\t<div class=\"elementor-element elementor-element-5939d89d elementor-widget elementor-widget-heading\" data-id=\"5939d89d\" data-element_type=\"widget\" data-widget_type=\"heading.default\">\n\t\t\t\t\t<h2 class=\"elementor-heading-title elementor-size-default\">desde 1983 - nossa historia<\/h2>\t\t\t\t<\/div>\n\t\t\t\t\t<\/div>\n\t\t\t\t<\/div>\n\t\t\t\t<\/div>\n\t\t<div class=\"elementor-element elementor-element-31afd964 e-flex e-con-boxed wpr-particle-no wpr-jarallax-no wpr-parallax-no wpr-sticky-section-no e-con e-parent\" data-id=\"31afd964\" data-element_type=\"container\" data-settings=\"{&quot;background_background&quot;:&quot;classic&quot;}\">\n\t\t\t\t\t<div class=\"e-con-inner\">\n\t\t<div class=\"elementor-element elementor-element-8afcea0 e-con-full e-flex wpr-particle-no wpr-jarallax-no wpr-parallax-no wpr-sticky-section-no e-con e-child\" data-id=\"8afcea0\" data-element_type=\"container\">\n\t\t\t\t<div class=\"elementor-element elementor-element-405d47cd elementor-widget__width-initial elementor-widget-tablet__width-initial elementor-widget elementor-widget-heading\" data-id=\"405d47cd\" data-element_type=\"widget\" data-widget_type=\"heading.default\">\n\t\t\t\t\t<h1 class=\"elementor-heading-title elementor-size-default\">Runner como tudo come\u00e7ou<\/h1>\t\t\t\t<\/div>\n\t\t\t\t<div class=\"elementor-element elementor-element-dcb6867 elementor-widget-divider--view-line elementor-widget elementor-widget-divider\" data-id=\"dcb6867\" data-element_type=\"widget\" data-widget_type=\"divider.default\">\n\t\t\t\t\t\t\t<div class=\"elementor-divider\">\n\t\t\t<span class=\"elementor-divider-separator\">\n\t\t\t\t\t\t<\/span>\n\t\t<\/div>\n\t\t\t\t\t\t<\/div>\n\t\t\t\t<\/div>\n\t\t<div class=\"elementor-element elementor-element-b337659 e-con-full e-flex wpr-particle-no wpr-jarallax-no wpr-parallax-no wpr-sticky-section-no e-con e-child\" data-id=\"b337659\" data-element_type=\"container\">\n\t\t\t\t<div class=\"elementor-element elementor-element-5b2c462 elementor-widget elementor-widget-video\" data-id=\"5b2c462\" data-element_type=\"widget\" data-settings=\"{&quot;youtube_url&quot;:&quot;https:\\\/\\\/youtu.be\\\/7HbdrAkGBHw&quot;,&quot;autoplay&quot;:&quot;yes&quot;,&quot;video_type&quot;:&quot;youtube&quot;,&quot;controls&quot;:&quot;yes&quot;}\" data-widget_type=\"video.default\">\n\t\t\t\t\t\t\t<div class=\"elementor-wrapper elementor-open-inline\">\n\t\t\t<div class=\"elementor-video\"><\/div>\t\t<\/div>\n\t\t\t\t\t\t<\/div>\n\t\t\t\t<\/div>\n\t\t\t\t\t<\/div>\n\t\t\t\t<\/div>\n\t\t<div class=\"elementor-element elementor-element-ab4ef30 e-flex e-con-boxed wpr-particle-no wpr-jarallax-no wpr-parallax-no wpr-sticky-section-no e-con e-parent\" data-id=\"ab4ef30\" data-element_type=\"container\">\n\t\t\t\t\t<div class=\"e-con-inner\">\n\t\t<div class=\"elementor-element elementor-element-52b2119 e-con-full e-flex wpr-particle-no wpr-jarallax-no wpr-parallax-no wpr-sticky-section-no e-con e-child\" data-id=\"52b2119\" data-element_type=\"container\">\n\t\t\t\t<div class=\"elementor-element elementor-element-ae6ceba elementor-widget elementor-widget-heading\" data-id=\"ae6ceba\" data-element_type=\"widget\" data-widget_type=\"heading.default\">\n\t\t\t\t\t<h2 class=\"elementor-heading-title elementor-size-default\">Pioneirismo e Transforma\u00e7\u00e3o<\/h2>\t\t\t\t<\/div>\n\t\t\t\t<div class=\"elementor-element elementor-element-aad7033 elementor-widget elementor-widget-text-editor\" data-id=\"aad7033\" data-element_type=\"widget\" data-widget_type=\"text-editor.default\">\n\t\t\t\t\t\t\t\t\t<p data-start=\"236\" data-end=\"646\">Desde <strong data-start=\"242\" data-end=\"250\">1983<\/strong>, a <strong data-start=\"254\" data-end=\"264\">Runner<\/strong> tem orgulho de ser uma das pioneiras do <strong data-start=\"305\" data-end=\"335\">segmento fitness no Brasil<\/strong>. Nossa trajet\u00f3ria \u00e9 marcada por <strong data-start=\"368\" data-end=\"391\">inova\u00e7\u00e3o e tradi\u00e7\u00e3o<\/strong>, valores que nos tornaram refer\u00eancia de <strong data-start=\"432\" data-end=\"461\">credibilidade e confian\u00e7a<\/strong> no mercado. Sempre acreditamos que, mais do que treinar, nossa miss\u00e3o \u00e9 <strong data-start=\"534\" data-end=\"555\">transformar vidas<\/strong>, promovendo sa\u00fade, bem-estar e qualidade de vida para milhares de alunos em todo o pa\u00eds.<\/p>\t\t\t\t\t\t\t\t<\/div>\n\t\t\t\t<div class=\"elementor-element elementor-element-4bacaa0 elementor-widget elementor-widget-text-editor\" data-id=\"4bacaa0\" data-element_type=\"widget\" data-widget_type=\"text-editor.default\">\n\t\t\t\t\t\t\t\t\t<p data-start=\"648\" data-end=\"1013\">Come\u00e7amos no <strong data-start=\"661\" data-end=\"692\">Jardim Europa, em S\u00e3o Paulo<\/strong>, e rapidamente conquistamos espa\u00e7o com um atendimento diferenciado e uma proposta inovadora. O crescimento foi natural: novas unidades, novos alunos e uma marca que sempre soube se adaptar \u00e0s mudan\u00e7as do mercado, mantendo a ess\u00eancia que nos define \u2014 <strong data-start=\"943\" data-end=\"1010\">um ambiente inspirador, acolhedor e voltado para toda a fam\u00edlia<\/strong>.<\/p>\t\t\t\t\t\t\t\t<\/div>\n\t\t<div class=\"elementor-element elementor-element-8df8ec5 e-con-full elementor-hidden-desktop elementor-hidden-tablet e-flex wpr-particle-no wpr-jarallax-no wpr-parallax-no wpr-sticky-section-no e-con e-child\" data-id=\"8df8ec5\" data-element_type=\"container\">\n\t\t\t\t<div class=\"elementor-element elementor-element-a7d2063 elementor-widget elementor-widget-image\" data-id=\"a7d2063\" data-element_type=\"widget\" data-widget_type=\"image.default\">\n\t\t\t\t\t\t\t\t\t\t\t\t\t\t\t<img decoding=\"async\" width=\"150\" height=\"150\" src=\"https:\/\/runner-v1.attendy.com.br\/wp-content\/uploads\/2025\/08\/historia-da-runner-desde-1983-150x150.webp\" class=\"attachment-thumbnail size-thumbnail wp-image-889\" alt=\"\">\t\t\t\t\t\t\t\t\t\t\t\t\t\t\t<\/div>\n\t\t\t\t<div class=\"elementor-element elementor-element-c09387d elementor-widget elementor-widget-image\" data-id=\"c09387d\" data-element_type=\"widget\" data-widget_type=\"image.default\">\n\t\t\t\t\t\t\t\t\t\t\t\t\t\t\t<img fetchpriority=\"high\" decoding=\"async\" width=\"768\" height=\"160\" src=\"https:\/\/runner-v1.attendy.com.br\/wp-content\/uploads\/2025\/09\/logos_historia_runner-768x160.webp\" class=\"attachment-medium_large size-medium_large wp-image-1393\" alt=\"\" srcset=\"https:\/\/runner-v1.attendy.com.br\/wp-content\/uploads\/2025\/09\/logos_historia_runner-768x160.webp 768w, https:\/\/runner-v1.attendy.com.br\/wp-content\/uploads\/2025\/09\/logos_historia_runner-300x63.webp 300w, https:\/\/runner-v1.attendy.com.br\/wp-content\/uploads\/2025\/09\/logos_historia_runner-1024x214.webp 1024w, https:\/\/runner-v1.attendy.com.br\/wp-content\/uploads\/2025\/09\/logos_historia_runner-1536x320.webp 1536w, https:\/\/runner-v1.attendy.com.br\/wp-content\/uploads\/2025\/09\/logos_historia_runner.webp 1630w\" sizes=\"(max-width: 768px) 100vw, 768px\">\t\t\t\t\t\t\t\t\t\t\t\t\t\t\t<\/div>\n\t\t\t\t<\/div>\n\t\t\t\t<div class=\"elementor-element elementor-element-ec3e8ae elementor-align-center elementor-widget elementor-widget-button\" data-id=\"ec3e8ae\" data-element_type=\"widget\" data-widget_type=\"button.default\">\n\t\t\t\t\t\t\t\t\t\t<a class=\"elementor-button elementor-button-link elementor-size-sm\" href=\"\/Unidades\">\n\t\t\t\t\t\t<span class=\"elementor-button-content-wrapper\">\n\t\t\t\t\t\t\t\t\t<span class=\"elementor-button-text\">Conhe\u00e7a nossas unidade<\/span>\n\t\t\t\t\t<\/span>\n\t\t\t\t\t<\/a>\n\t\t\t\t\t\t\t\t<\/div>\n\t\t\t\t<\/div>\n\t\t<div class=\"elementor-element elementor-element-9458d0d e-con-full elementor-hidden-mobile e-flex wpr-particle-no wpr-jarallax-no wpr-parallax-no wpr-sticky-section-no e-con e-child\" data-id=\"9458d0d\" data-element_type=\"container\">\n\t\t\t\t<div class=\"elementor-element elementor-element-6331aae elementor-widget elementor-widget-image\" data-id=\"6331aae\" data-element_type=\"widget\" data-widget_type=\"image.default\">\n\t\t\t\t\t\t\t\t\t\t\t\t\t\t\t<img decoding=\"async\" width=\"593\" height=\"645\" src=\"https:\/\/runner-v1.attendy.com.br\/wp-content\/uploads\/2025\/08\/historia-da-runner-desde-1983.webp\" class=\"attachment-large size-large wp-image-889\" alt=\"\" srcset=\"https:\/\/runner-v1.attendy.com.br\/wp-content\/uploads\/2025\/08\/historia-da-runner-desde-1983.webp 593w, https:\/\/runner-v1.attendy.com.br\/wp-content\/uploads\/2025\/08\/historia-da-runner-desde-1983-276x300.webp 276w\" sizes=\"(max-width: 593px) 100vw, 593px\">\t\t\t\t\t\t\t\t\t\t\t\t\t\t\t<\/div>\n\t\t\t\t<div class=\"elementor-element elementor-element-263d317 elementor-widget elementor-widget-image\" data-id=\"263d317\" data-element_type=\"widget\" data-widget_type=\"image.default\">\n\t\t\t\t\t\t\t\t\t\t\t\t\t\t\t<img fetchpriority=\"high\" decoding=\"async\" width=\"768\" height=\"160\" src=\"https:\/\/runner-v1.attendy.com.br\/wp-content\/uploads\/2025\/09\/logos_historia_runner-768x160.webp\" class=\"attachment-medium_large size-medium_large wp-image-1393\" alt=\"\" srcset=\"https:\/\/runner-v1.attendy.com.br\/wp-content\/uploads\/2025\/09\/logos_historia_runner-768x160.webp 768w, https:\/\/runner-v1.attendy.com.br\/wp-content\/uploads\/2025\/09\/logos_historia_runner-300x63.webp 300w, https:\/\/runner-v1.attendy.com.br\/wp-content\/uploads\/2025\/09\/logos_historia_runner-1024x214.webp 1024w, https:\/\/runner-v1.attendy.com.br\/wp-content\/uploads\/2025\/09\/logos_historia_runner-1536x320.webp 1536w, https:\/\/runner-v1.attendy.com.br\/wp-content\/uploads\/2025\/09\/logos_historia_runner.webp 1630w\" sizes=\"(max-width: 768px) 100vw, 768px\">\t\t\t\t\t\t\t\t\t\t\t\t\t\t\t<\/div>\n\t\t\t\t<\/div>\n\t\t\t\t\t<\/div>\n\t\t\t\t<\/div>\n\t\t<div class=\"elementor-element elementor-element-079d3de elementor-hidden-desktop elementor-hidden-tablet e-flex e-con-boxed wpr-particle-no wpr-jarallax-no wpr-parallax-no wpr-sticky-section-no e-con e-parent\" data-id=\"079d3de\" data-element_type=\"container\" data-settings=\"{&quot;background_background&quot;:&quot;gradient&quot;}\">\n\t\t\t\t\t<div class=\"e-con-inner\">\n\t\t\t\t\t<\/div>\n\t\t\t\t<\/div>\n\t\t\t\t<\/div>\n\t\t","protected":false},"excerpt":{"rendered":"<p>desde 1983 &#8211; nossa historia Runner como tudo come\u00e7ou https:\/\/youtu.be\/7HbdrAkGBHw Pioneirismo e Transforma\u00e7\u00e3o Desde 1983, a Runner tem orgulho de ser uma das pioneiras do segmento fitness no Brasil. Nossa trajet\u00f3ria \u00e9 marcada por inova\u00e7\u00e3o e tradi\u00e7\u00e3o, valores que nos tornaram refer\u00eancia de credibilidade e confian\u00e7a no mercado. Sempre acreditamos que, mais do que treinar, nossa miss\u00e3o \u00e9 transformar vidas, promovendo sa\u00fade, bem-estar e qualidade de vida para milhares de alunos em todo o pa\u00eds. Come\u00e7amos no Jardim Europa, em S\u00e3o Paulo, e rapidamente conquistamos espa\u00e7o com um atendimento diferenciado e uma proposta inovadora. O crescimento foi natural: novas unidades, novos alunos e uma marca que sempre soube se adaptar \u00e0s mudan\u00e7as do mercado, mantendo a ess\u00eancia que nos define \u2014 um ambiente inspirador, acolhedor e voltado para toda a fam\u00edlia. Conhe\u00e7a nossas unidade<\/p>\n","protected":false},"author":1,"featured_media":0,"parent":0,"menu_order":0,"comment_status":"closed","ping_status":"closed","template":"elementor_header_footer","meta":{"ocean_post_layout":"","ocean_both_sidebars_style":"","ocean_both_sidebars_content_width":0,"ocean_both_sidebars_sidebars_width":0,"ocean_sidebar":"","ocean_second_sidebar":"","ocean_disable_margins":"enable","ocean_add_body_class":"","ocean_shortcode_before_top_bar":"","ocean_shortcode_after_top_bar":"","ocean_shortcode_before_header":"","ocean_shortcode_after_header":"","ocean_has_shortcode":"","ocean_shortcode_after_title":"","ocean_shortcode_before_footer_widgets":"","ocean_shortcode_after_footer_widgets":"","ocean_shortcode_before_footer_bottom":"","ocean_shortcode_after_footer_bottom":"","ocean_display_top_bar":"default","ocean_display_header":"default","ocean_header_style":"","ocean_center_header_left_menu":"","ocean_custom_header_template":"","ocean_custom_logo":0,"ocean_custom_retina_logo":0,"ocean_custom_logo_max_width":0,"ocean_custom_logo_tablet_max_width":0,"ocean_custom_logo_mobile_max_width":0,"ocean_custom_logo_max_height":0,"ocean_custom_logo_tablet_max_height":0,"ocean_custom_logo_mobile_max_height":0,"ocean_header_custom_menu":"","ocean_menu_typo_font_family":"","ocean_menu_typo_font_subset":"","ocean_menu_typo_font_size":0,"ocean_menu_typo_font_size_tablet":0,"ocean_menu_typo_font_size_mobile":0,"ocean_menu_typo_font_size_unit":"px","ocean_menu_typo_font_weight":"","ocean_menu_typo_font_weight_tablet":"","ocean_menu_typo_font_weight_mobile":"","ocean_menu_typo_transform":"","ocean_menu_typo_transform_tablet":"","ocean_menu_typo_transform_mobile":"","ocean_menu_typo_line_height":0,"ocean_menu_typo_line_height_tablet":0,"ocean_menu_typo_line_height_mobile":0,"ocean_menu_typo_line_height_unit":"","ocean_menu_typo_spacing":0,"ocean_menu_typo_spacing_tablet":0,"ocean_menu_typo_spacing_mobile":0,"ocean_menu_typo_spacing_unit":"","ocean_menu_link_color":"","ocean_menu_link_color_hover":"","ocean_menu_link_color_active":"","ocean_menu_link_background":"","ocean_menu_link_hover_background":"","ocean_menu_link_active_background":"","ocean_menu_social_links_bg":"","ocean_menu_social_hover_links_bg":"","ocean_menu_social_links_color":"","ocean_menu_social_hover_links_color":"","ocean_disable_title":"default","ocean_disable_heading":"default","ocean_post_title":"","ocean_post_subheading":"","ocean_post_title_style":"","ocean_post_title_background_color":"","ocean_post_title_background":0,"ocean_post_title_bg_image_position":"","ocean_post_title_bg_image_attachment":"","ocean_post_title_bg_image_repeat":"","ocean_post_title_bg_image_size":"","ocean_post_title_height":0,"ocean_post_title_bg_overlay":0.5,"ocean_post_title_bg_overlay_color":"","ocean_disable_breadcrumbs":"default","ocean_breadcrumbs_color":"","ocean_breadcrumbs_separator_color":"","ocean_breadcrumbs_links_color":"","ocean_breadcrumbs_links_hover_color":"","ocean_display_footer_widgets":"default","ocean_display_footer_bottom":"default","ocean_custom_footer_template":"","footnotes":""},"class_list":["post-886","page","type-page","status-publish","hentry","entry"],"_links":{"self":[{"href":"https:\/\/runner-v1.attendy.com.br\/home\/wp-json\/wp\/v2\/pages\/886","targetHints":{"allow":["GET"]}}],"collection":[{"href":"https:\/\/runner-v1.attendy.com.br\/home\/wp-json\/wp\/v2\/pages"}],"about":[{"href":"https:\/\/runner-v1.attendy.com.br\/home\/wp-json\/wp\/v2\/types\/page"}],"author":[{"embeddable":true,"href":"https:\/\/runner-v1.attendy.com.br\/home\/wp-json\/wp\/v2\/users\/1"}],"replies":[{"embeddable":true,"href":"https:\/\/runner-v1.attendy.com.br\/home\/wp-json\/wp\/v2\/comments?post=886"}],"version-history":[{"count":79,"href":"https:\/\/runner-v1.attendy.com.br\/home\/wp-json\/wp\/v2\/pages\/886\/revisions"}],"predecessor-version":[{"id":2791,"href":"https:\/\/runner-v1.attendy.com.br\/home\/wp-json\/wp\/v2\/pages\/886\/revisions\/2791"}],"wp:attachment":[{"href":"https:\/\/runner-v1.attendy.com.br\/home\/wp-json\/wp\/v2\/media?parent=886"}],"curies":[{"name":"wp","href":"https:\/\/api.w.org\/{rel}","templated":true}]}}